{"id":41,"date":"2019-11-23T14:53:41","date_gmt":"2019-11-23T05:53:41","guid":{"rendered":"https:\/\/matsuno-mold.com\/english\/?page_id=41"},"modified":"2019-11-28T16:49:35","modified_gmt":"2019-11-28T07:49:35","slug":"partner_vietnamese","status":"publish","type":"page","link":"https:\/\/matsuno-mold.com\/english\/partner_vietnamese\/","title":{"rendered":"T\u00ecm ki\u1ebfm \u0111\u1ed1i t\u00e1c n\u01b0\u1edbc ngo\u00e0i"},"content":{"rendered":"<p>C\u00f4ng ty Mastuno Mold \u0111ang t\u00ecm ki\u1ebfm \u0111\u1ed1i t\u00e1c n\u01b0\u1edbc ngo\u00e0i c\u00f3 th\u1ec3 c\u00f9ng nhau h\u1ee3p t\u00e1c s\u1ea3n xu\u1ea5t. Trong qu\u00e1 tr\u00ecnh h\u1ee3p t\u00e1c, \u0111\u1ed1i t\u00e1c ph\u1ea3i \u0111\u00e1p \u1ee9ng \u0111\u01b0\u1ee3c c\u00e1c \u0111i\u1ec1u ki\u1ec7n sau \u0111\u00e2y.<\/p>\n<p>\u25fc\tC\u00f3 th\u1ec3 s\u1ea3n xu\u1ea5t v\u1edbi chi ph\u00ed th\u1ea5p, ch\u1ea5t l\u01b0\u1ee3ng cao v\u00e0 giao h\u00e0ng nhanh ch\u00f3ng<br \/>\n\u25fc\tC\u00f3 th\u1ec3 \u0111\u00e1p \u1ee9ng s\u1eeda ch\u1eefa v\u00e0 b\u1ea3o tr\u00ec sau khi v\u1eadn chuy\u1ec3n s\u1ea3n ph\u1ea9m \u0111\u1ebfn Nh\u1eadt B\u1ea3n (C\u00f3 th\u1ec3 s\u1eed d\u1ee5ng nh\u00e0 s\u1ea3n xu\u1ea5t h\u1ee3p t\u00e1c c\u1ee7a qu\u00fd c\u00f4ng ty t\u1ea1i Nh\u1eadt B\u1ea3n \u0111\u1ec3 s\u1eeda ch\u1eefa v\u00e0 b\u1ea3o tr\u00ec)<br \/>\n\u25fc\tTrong c\u00f4ng ty c\u00f3 th\u00f4ng d\u1ecbch vi\u00ean n\u0103ng l\u1ef1c gi\u1ecfi c\u0169ng nh\u01b0 \u0111\u01b0\u1ee3c trang b\u1ecb ki\u1ebfn th\u1ee9c v\u1ec1 khu\u00f4n m\u1eabu (\u0110i\u1ec1u ki\u1ec7n ti\u00ean quy\u1ebft l\u00e0 lu\u00f4n c\u00f3 th\u00f4ng d\u1ecbch vi\u00ean ti\u1ebfng Nh\u1eadt t\u00fac tr\u1ef1c)<br \/>\n\u25fc\tC\u00f3 kh\u1ea3 n\u0103ng l\u1ed3ng khu\u00f4n v\u00e0o nhau, ho\u00e0n thi\u1ec7n b\u1ec1 m\u1eb7t b\u00f3ng nh\u01b0 g\u01b0\u01a1ng v\u00e0 \u0111\u00e1nh b\u00f3ng b\u1ec1 m\u1eb7t b\u00f3ng nh\u01b0 g\u01b0\u01a1ng<br \/>\n\u25fc\tTrang b\u1ecb c\u00f4ng ngh\u1ec7 c\u00f3 th\u1ec3 t\u1ea1o ra c\u00e1c s\u1ea3n ph\u1ea9m v\u1edbi \u0111\u1ed9 ch\u00ednh x\u00e1c \u00b1 0,005mm<br \/>\n\u25fc\tC\u00f3 th\u1ec3 t\u1ea1o d\u1eef li\u1ec7u 2D t\u1eeb c\u00e1c m\u00f4 h\u00ecnh 3D<br \/>\n\u25fc\tC\u00f3 th\u1ec3 ti\u1ebfn h\u00e0nh \u0111o b\u1eb1ng m\u00e1y \u0111o t\u1ecda \u0111\u1ed9 v\u00e0 c\u00f3 th\u1ec3 g\u1eedi d\u1eef li\u1ec7u \u0111o<br \/>\n\u25fc\tC\u00f3 kh\u1ea3 n\u0103ng giao d\u1ecbch v\u1edbi c\u00e1c nh\u00e0 s\u1ea3n xu\u1ea5t th\u00e9p do c\u00f4ng ty ch\u00fang t\u00f4i ch\u1ec9 \u0111\u1ecbnh<br \/>\n\u25fc\tTu\u00e2n th\u1ee7 ngh\u0129a v\u1ee5 b\u1ea3o m\u1eadt v\u1edbi c\u00f4ng ty ch\u00fang t\u00f4i<br \/>\n\u25fc\tL\u00e0m theo nh\u1eefng \u0111i\u1ec1u kho\u1ea3n thanh to\u00e1n c\u1ee7a c\u00f4ng ty ch\u00fang t\u00f4i<\/p>\n<div class=\"btnmore\"><a href=\"https:\/\/matsuno-mold.com\/english\/contact_vietnamese\/\">M\u1eabu \u0111\u01a1n \u0111\u0103ng k\u00fd<\/a><\/div>\n","protected":false},"excerpt":{"rendered":"C\u00f4ng ty Mastuno Mold \u0111ang t\u00ecm ki\u1ebfm \u0111\u1ed1i t\u00e1c n\u01b0\u1edbc ngo\u00e0i c\u00f3 th\u1ec3 c\u00f9ng nhau h\u1ee3p t\u00e1c s\u1ea3n xu\u1ea5t. Trong qu\u00e1 tr\u00ecnh h\u1ee3p t [&hellip;]","protected":false},"author":1,"featured_media":0,"parent":0,"menu_order":0,"comment_status":"closed","ping_status":"closed","template":"page-noside.php","meta":{"footnotes":""},"class_list":["post-41","page","type-page","status-publish","hentry"],"aioseo_notices":[],"_links":{"self":[{"href":"https:\/\/matsuno-mold.com\/english\/wp-json\/wp\/v2\/pages\/41","targetHints":{"allow":["GET"]}}],"collection":[{"href":"https:\/\/matsuno-mold.com\/english\/wp-json\/wp\/v2\/pages"}],"about":[{"href":"https:\/\/matsuno-mold.com\/english\/wp-json\/wp\/v2\/types\/page"}],"author":[{"embeddable":true,"href":"https:\/\/matsuno-mold.com\/english\/wp-json\/wp\/v2\/users\/1"}],"replies":[{"embeddable":true,"href":"https:\/\/matsuno-mold.com\/english\/wp-json\/wp\/v2\/comments?post=41"}],"version-history":[{"count":5,"href":"https:\/\/matsuno-mold.com\/english\/wp-json\/wp\/v2\/pages\/41\/revisions"}],"predecessor-version":[{"id":139,"href":"https:\/\/matsuno-mold.com\/english\/wp-json\/wp\/v2\/pages\/41\/revisions\/139"}],"wp:attachment":[{"href":"https:\/\/matsuno-mold.com\/english\/wp-json\/wp\/v2\/media?parent=41"}],"curies":[{"name":"wp","href":"https:\/\/api.w.org\/{rel}","templated":true}]}}