{"id":136,"date":"2019-11-28T16:47:39","date_gmt":"2019-11-28T07:47:39","guid":{"rendered":"https:\/\/matsuno-mold.com\/english\/?page_id=136"},"modified":"2019-11-29T15:07:59","modified_gmt":"2019-11-29T06:07:59","slug":"contact_vietnamese","status":"publish","type":"page","link":"https:\/\/matsuno-mold.com\/english\/contact_vietnamese\/","title":{"rendered":"M\u1eabu \u0111\u01a1n \u0111\u0103ng k\u00fd"},"content":{"rendered":"<p>* M\u1ee5c b\u1eaft bu\u1ed9c<br \/>\nN\u1ebfu qu\u00fd c\u00f4ng ty \u0111\u00e1p \u1ee9ng \u0111\u01b0\u1ee3c c\u00e1c y\u00eau c\u1ea7u tr\u00ean v\u00e0 c\u00f3 mong mu\u1ed1n h\u1ee3p t\u00e1c l\u00e0m vi\u1ec7c v\u1edbi ch\u00fang t\u00f4i, vui l\u00f2ng li\u00ean h\u1ec7 v\u1edbi ch\u00fang t\u00f4i theo m\u1eabu d\u01b0\u1edbi \u0111\u00e2y. Ch\u00fang t\u00f4i \u0111ang t\u00ecm ki\u1ebfm c\u00e1c c\u00f4ng ty \u0111\u00e1p \u1ee9ng c\u00e1c l\u0129nh v\u1ef1c A ~ E trong m\u1ee5c 11).<\/p>\n\n<div class=\"wpcf7 no-js\" id=\"wpcf7-f143-o1\" lang=\"ja\" dir=\"ltr\">\n<div class=\"screen-reader-response\"><p role=\"status\" aria-live=\"polite\" aria-atomic=\"true\"><\/p> <ul><\/ul><\/div>\n<form action=\"\/english\/wp-json\/wp\/v2\/pages\/136#wpcf7-f143-o1\" method=\"post\" class=\"wpcf7-form init\" aria-label=\"\u30b3\u30f3\u30bf\u30af\u30c8\u30d5\u30a9\u30fc\u30e0\" novalidate=\"novalidate\" data-status=\"init\">\n<div style=\"display: none;\">\n<input type=\"hidden\" name=\"_wpcf7\" value=\"143\" \/>\n<input type=\"hidden\" name=\"_wpcf7_version\" value=\"5.8\" \/>\n<input type=\"hidden\" name=\"_wpcf7_locale\" value=\"ja\" \/>\n<input type=\"hidden\" name=\"_wpcf7_unit_tag\" value=\"wpcf7-f143-o1\" \/>\n<input type=\"hidden\" name=\"_wpcf7_container_post\" value=\"0\" \/>\n<input type=\"hidden\" name=\"_wpcf7_posted_data_hash\" value=\"\" \/>\n<\/div>\n<p>1.T\u00ean doanh nghi\u1ec7p <span class=\"required\" >*<\/span>\n<\/p>\n<p><span class=\"wpcf7-form-control-wrap\" data-name=\"text-150\"><input size=\"40\" class=\"wpcf7-form-control wpcf7-text wpcf7-validates-as-required\" aria-required=\"true\" aria-invalid=\"false\" value=\"\" type=\"text\" name=\"text-150\" \/><\/span>\n<\/p>\n<p>2.T\u00ean doanh nghi\u1ec7p (Ti\u1ebfng Anh) <span class=\"required\" >*<\/span>\n<\/p>\n<p><span class=\"wpcf7-form-control-wrap\" data-name=\"text-251\"><input size=\"40\" class=\"wpcf7-form-control wpcf7-text wpcf7-validates-as-required\" aria-required=\"true\" aria-invalid=\"false\" value=\"\" type=\"text\" name=\"text-251\" \/><\/span>\n<\/p>\n<p>3.T\u00ean b\u1ed9 ph\u1eadn\n<\/p>\n<p><span class=\"wpcf7-form-control-wrap\" data-name=\"text-151\"><input size=\"40\" class=\"wpcf7-form-control wpcf7-text\" aria-invalid=\"false\" value=\"\" type=\"text\" name=\"text-151\" \/><\/span>\n<\/p>\n<p>4.T\u00ean ng\u01b0\u1eddi ph\u1ee5 tr\u00e1ch <span class=\"required\" >*<\/span>\n<\/p>\n<p><span class=\"wpcf7-form-control-wrap\" data-name=\"text-152\"><input size=\"40\" class=\"wpcf7-form-control wpcf7-text wpcf7-validates-as-required\" aria-required=\"true\" aria-invalid=\"false\" value=\"\" type=\"text\" name=\"text-152\" \/><\/span>\n<\/p>\n<p>5.\u0110i\u1ec7n tho\u1ea1i\n<\/p>\n<p><span class=\"wpcf7-form-control-wrap\" data-name=\"text-153\"><input size=\"40\" class=\"wpcf7-form-control wpcf7-text\" aria-invalid=\"false\" value=\"\" type=\"text\" name=\"text-153\" \/><\/span>\n<\/p>\n<p>6.FAX\n<\/p>\n<p><span class=\"wpcf7-form-control-wrap\" data-name=\"text-154\"><input size=\"40\" class=\"wpcf7-form-control wpcf7-text\" aria-invalid=\"false\" value=\"\" type=\"text\" name=\"text-154\" \/><\/span>\n<\/p>\n<p>7.\u0110\u1ecba ch\u1ec9 email <span class=\"required\" >*<\/span>\n<\/p>\n<p><span class=\"wpcf7-form-control-wrap\" data-name=\"your-email\"><input size=\"40\" class=\"wpcf7-form-control wpcf7-email wpcf7-validates-as-required wpcf7-text wpcf7-validates-as-email\" aria-required=\"true\" aria-invalid=\"false\" value=\"\" type=\"email\" name=\"your-email\" \/><\/span>\n<\/p>\n<p>8.Qu\u1ed1c gia <span class=\"required\" >*<\/span>\n<\/p>\n<p><span class=\"wpcf7-form-control-wrap\" data-name=\"text-156\"><input size=\"40\" class=\"wpcf7-form-control wpcf7-text wpcf7-validates-as-required\" aria-required=\"true\" aria-invalid=\"false\" value=\"\" type=\"text\" name=\"text-156\" \/><\/span>\n<\/p>\n<p>9.\u0110\u1ecba ch\u1ec9\n<\/p>\n<p><span class=\"wpcf7-form-control-wrap\" data-name=\"text-155\"><input size=\"40\" class=\"wpcf7-form-control wpcf7-text\" aria-invalid=\"false\" value=\"\" type=\"text\" name=\"text-155\" \/><\/span>\n<\/p>\n<p>10.Trang web\n<\/p>\n<p><span class=\"wpcf7-form-control-wrap\" data-name=\"text-157\"><input size=\"40\" class=\"wpcf7-form-control wpcf7-text\" aria-invalid=\"false\" value=\"\" type=\"text\" name=\"text-157\" \/><\/span>\n<\/p>\n<p>11.L\u0129nh v\u1ef1c chuy\u00ean m\u00f4n (c\u00f3 th\u1ec3 ch\u1ecdn nhi\u1ec1u c\u00e2u tr\u1ea3 l\u1eddi)\n<\/p>\n<p><span class=\"wpcf7-form-control-wrap\" data-name=\"checkbox-620\"><span class=\"wpcf7-form-control wpcf7-checkbox\"><span class=\"wpcf7-list-item first\"><input type=\"checkbox\" name=\"checkbox-620[]\" value=\"A. Khu\u00f4n \u0111\u00fac hai m\u00e0u\" \/><span class=\"wpcf7-list-item-label\">A. Khu\u00f4n \u0111\u00fac hai m\u00e0u<\/span><\/span><span class=\"wpcf7-list-item\"><input type=\"checkbox\" name=\"checkbox-620[]\" value=\"B. Khu\u00f4n \u0111\u00fac nhi\u1ec1u ng\u0103n\" \/><span class=\"wpcf7-list-item-label\">B. Khu\u00f4n \u0111\u00fac nhi\u1ec1u ng\u0103n<\/span><\/span><span class=\"wpcf7-list-item\"><input type=\"checkbox\" name=\"checkbox-620[]\" value=\"C. Khu\u00f4n \u0111\u00fac ch\u1ea5t l\u01b0\u1ee3ng cao cho s\u1ea3n xu\u1ea5t d\u1ee5ng c\u1ee5 y t\u1ebf, v.v...\" \/><span class=\"wpcf7-list-item-label\">C. Khu\u00f4n \u0111\u00fac ch\u1ea5t l\u01b0\u1ee3ng cao cho s\u1ea3n xu\u1ea5t d\u1ee5ng c\u1ee5 y t\u1ebf, v.v...<\/span><\/span><span class=\"wpcf7-list-item\"><input type=\"checkbox\" name=\"checkbox-620[]\" value=\"D. Gia c\u00f4ng nghi\u00eam ng\u1eb7t \u0111\u00f2i h\u1ecfi \u0111\u1ed9 ch\u00ednh x\u00e1c v\u1ec1 k\u00edch th\u01b0\u1edbc nh\u01b0 c\u00e1c b\u1ed9 ph\u1eadn m\u00e1y \u1ea3nh, v.v...\" \/><span class=\"wpcf7-list-item-label\">D. Gia c\u00f4ng nghi\u00eam ng\u1eb7t \u0111\u00f2i h\u1ecfi \u0111\u1ed9 ch\u00ednh x\u00e1c v\u1ec1 k\u00edch th\u01b0\u1edbc nh\u01b0 c\u00e1c b\u1ed9 ph\u1eadn m\u00e1y \u1ea3nh, v.v...<\/span><\/span><span class=\"wpcf7-list-item\"><input type=\"checkbox\" name=\"checkbox-620[]\" value=\"E. Khu\u00f4n c\u00f3 k\u00edch th\u01b0\u1edbc l\u1edbn (tr\u1ecdng l\u01b0\u1ee3ng khu\u00f4n t\u1eeb 2,5 t\u1ea5n tr\u1edf l\u00ean)\" \/><span class=\"wpcf7-list-item-label\">E. Khu\u00f4n c\u00f3 k\u00edch th\u01b0\u1edbc l\u1edbn (tr\u1ecdng l\u01b0\u1ee3ng khu\u00f4n t\u1eeb 2,5 t\u1ea5n tr\u1edf l\u00ean)<\/span><\/span><span class=\"wpcf7-list-item last\"><input type=\"checkbox\" name=\"checkbox-620[]\" value=\"F. C\u00e1c l\u0129nh v\u1ef1c kh\u00e1c \uff08L\u0129nh v\u1ef1c th\u1ebf m\u1ea1nh:\uff09\" \/><span class=\"wpcf7-list-item-label\">F. C\u00e1c l\u0129nh v\u1ef1c kh\u00e1c \uff08L\u0129nh v\u1ef1c th\u1ebf m\u1ea1nh:\uff09<\/span><\/span><\/span><\/span>\n<\/p>\n<p>12.N\u1ed9i dung li\u00ean h\u1ec7\uff1a\n<\/p>\n<p><span class=\"wpcf7-form-control-wrap\" data-name=\"your-message\"><textarea cols=\"40\" rows=\"10\" class=\"wpcf7-form-control wpcf7-textarea\" aria-invalid=\"false\" name=\"your-message\"><\/textarea><\/span>\n<\/p>\n<div class=\"wpcf7-response-output\" aria-hidden=\"true\"><\/div>\n<p><input class=\"wpcf7-form-control wpcf7-submit has-spinner\" type=\"submit\" value=\"SUBMIT\" \/>\n<\/p>\n<\/form>\n<\/div>\n\n","protected":false},"excerpt":{"rendered":"* M\u1ee5c b\u1eaft bu\u1ed9c N\u1ebfu qu\u00fd c\u00f4ng ty \u0111\u00e1p \u1ee9ng \u0111\u01b0\u1ee3c c\u00e1c y\u00eau c\u1ea7u tr\u00ean v\u00e0 c\u00f3 mong mu\u1ed1n h\u1ee3p t\u00e1c l\u00e0m vi\u1ec7c v\u1edbi ch\u00fang t\u00f4i, v [&hellip;]","protected":false},"author":1,"featured_media":0,"parent":0,"menu_order":0,"comment_status":"closed","ping_status":"closed","template":"page-noside.php","meta":{"footnotes":""},"class_list":["post-136","page","type-page","status-publish","hentry"],"aioseo_notices":[],"_links":{"self":[{"href":"https:\/\/matsuno-mold.com\/english\/wp-json\/wp\/v2\/pages\/136","targetHints":{"allow":["GET"]}}],"collection":[{"href":"https:\/\/matsuno-mold.com\/english\/wp-json\/wp\/v2\/pages"}],"about":[{"href":"https:\/\/matsuno-mold.com\/english\/wp-json\/wp\/v2\/types\/page"}],"author":[{"embeddable":true,"href":"https:\/\/matsuno-mold.com\/english\/wp-json\/wp\/v2\/users\/1"}],"replies":[{"embeddable":true,"href":"https:\/\/matsuno-mold.com\/english\/wp-json\/wp\/v2\/comments?post=136"}],"version-history":[{"count":3,"href":"https:\/\/matsuno-mold.com\/english\/wp-json\/wp\/v2\/pages\/136\/revisions"}],"predecessor-version":[{"id":170,"href":"https:\/\/matsuno-mold.com\/english\/wp-json\/wp\/v2\/pages\/136\/revisions\/170"}],"wp:attachment":[{"href":"https:\/\/matsuno-mold.com\/english\/wp-json\/wp\/v2\/media?parent=136"}],"curies":[{"name":"wp","href":"https:\/\/api.w.org\/{rel}","templated":true}]}}